{"id":366,"date":"2022-02-11T00:17:21","date_gmt":"2022-02-11T00:17:21","guid":{"rendered":"http:\/\/saludmentalypsicologia.online\/?page_id=366"},"modified":"2022-02-11T00:28:21","modified_gmt":"2022-02-11T00:28:21","slug":"psicologia-positiva","status":"publish","type":"page","link":"https:\/\/saludmentalypsicologia.online\/index.php\/psicologia-positiva\/","title":{"rendered":"Psicolog\u00eda Positiva"},"content":{"rendered":"\t\t<div data-elementor-type=\"wp-page\" data-elementor-id=\"366\" class=\"elementor elementor-366\" data-elementor-settings=\"[]\">\n\t\t\t\t\t\t\t<div class=\"elementor-section-wrap\">\n\t\t\t\t\t\t\t<section class=\"elementor-section elementor-top-section elementor-element elementor-element-ab7a5e8 elementor-section-boxed elementor-section-height-default elementor-section-height-default\" data-id=\"ab7a5e8\" data-element_type=\"section\">\n\t\t\t\t\t\t<div class=\"elementor-container elementor-column-gap-default\">\n\t\t\t\t\t<div class=\"elementor-column elementor-col-100 elementor-top-column elementor-element elementor-element-9136e33\" data-id=\"9136e33\" data-element_type=\"column\">\n\t\t\t<div class=\"elementor-widget-wrap elementor-element-populated\">\n\t\t\t\t\t\t\t\t<section class=\"elementor-section elementor-inner-section elementor-element elementor-element-a46a5f3 elementor-section-boxed elementor-section-height-default elementor-section-height-default\" data-id=\"a46a5f3\" data-element_type=\"section\">\n\t\t\t\t\t\t<div class=\"elementor-container elementor-column-gap-default\">\n\t\t\t\t\t<div class=\"elementor-column elementor-col-50 elementor-inner-column elementor-element elementor-element-54cc72c\" data-id=\"54cc72c\" data-element_type=\"column\">\n\t\t\t<div class=\"elementor-widget-wrap elementor-element-populated\">\n\t\t\t\t\t\t\t\t<div class=\"elementor-element elementor-element-648b106 elementor-widget elementor-widget-text-editor\" data-id=\"648b106\" data-element_type=\"widget\" data-widget_type=\"text-editor.default\">\n\t\t\t\t<div class=\"elementor-widget-container\">\n\t\t\t<style>\/*! elementor - v3.5.5 - 03-02-2022 *\/\n.elementor-widget-text-editor.elementor-drop-cap-view-stacked .elementor-drop-cap{background-color:#818a91;color:#fff}.elementor-widget-text-editor.elementor-drop-cap-view-framed .elementor-drop-cap{color:#818a91;border:3px solid;background-color:transparent}.elementor-widget-text-editor:not(.elementor-drop-cap-view-default) .elementor-drop-cap{margin-top:8px}.elementor-widget-text-editor:not(.elementor-drop-cap-view-default) .elementor-drop-cap-letter{width:1em;height:1em}.elementor-widget-text-editor .elementor-drop-cap{float:left;text-align:center;line-height:1;font-size:50px}.elementor-widget-text-editor .elementor-drop-cap-letter{display:inline-block}<\/style>\t\t\t\t<p>\u00a0 \u00a0 \u00a0 \u00a0 \u00a0 \u00a0 \u00a0 \u00a0 \u00a0 \u00a0 \u00a0<\/p><p>\u00a0<\/p><p>\u00a0 \u00a0 \u00a0 \u00a0 \u00a0 \u00a0 \u00a0 \u00a0 \u00a0 \u00a0 \u00a0 \u00a0 \u00a0 La Psicolog\u00eda Positiva es el estudio cient\u00edfico del bienestar y el funcionamiento \u00f3ptimo de las personas, es decir el mejor modo de funcionar que una persona pueda alcanzar desarrollando todo su potencial.<\/p><p>\u00a0 \u00a0 \u00a0 \u00a0 \u00a0 \u00a0 \u00a0 \u00a0 \u00a0 \u00a0 \u00a0 \u00a0 \u00a0Estudia el lado m\u00e1s positivo de la existencia humana, lo que hace que la vida merezca la pena, los factores que nos permiten vivir una vida plena, con significado y nos ayudan a desarrollar totalmente nuestro potencial y &#8220;florecer&#8221;.<\/p><p>\u00a0 \u00a0 \u00a0 \u00a0 \u00a0 \u00a0 \u00a0 \u00a0 \u00a0 \u00a0 \u00a0 \u00a0 \u00a0 Investiga elementos como el binestar subjetivo, la felicidad, la positividad, el optimismo, las experiencias de flow, las fortalezas de car\u00e1cter, las emociones positivas, la resiliencia, la creatividad, el perd\u00f3n, el sentido o significado, la compasi\u00f3n&#8230;<\/p><p>\u00a0 \u00a0 \u00a0 \u00a0 \u00a0 \u00a0 \u00a0 \u00a0 \u00a0 \u00a0 \u00a0 \u00a0 \u00a0Nos dota de herramientas que nos permiten entender, desarrollar y potenciar estos elementos positivos en nuestras vidas, para hacerlas m\u00e1s plenas.<\/p><p>\u00a0<\/p>\t\t\t\t\t\t<\/div>\n\t\t\t\t<\/div>\n\t\t\t\t\t<\/div>\n\t\t<\/div>\n\t\t\t\t<div class=\"elementor-column elementor-col-50 elementor-inner-column elementor-element elementor-element-cc679e7\" data-id=\"cc679e7\" data-element_type=\"column\">\n\t\t\t<div class=\"elementor-widget-wrap elementor-element-populated\">\n\t\t\t\t\t\t\t\t<div class=\"elementor-element elementor-element-9f10647 elementor-widget elementor-widget-image\" data-id=\"9f10647\" data-element_type=\"widget\" data-widget_type=\"image.default\">\n\t\t\t\t<div class=\"elementor-widget-container\">\n\t\t\t<style>\/*! elementor - v3.5.5 - 03-02-2022 *\/\n.elementor-widget-image{text-align:center}.elementor-widget-image a{display:inline-block}.elementor-widget-image a img[src$=\".svg\"]{width:48px}.elementor-widget-image img{vertical-align:middle;display:inline-block}<\/style>\t\t\t\t\t\t\t\t\t\t\t\t<img width=\"739\" height=\"1024\" src=\"https:\/\/saludmentalypsicologia.online\/wp-content\/uploads\/2022\/02\/noah-buscher-8A7fD6Y5VF8-unsplash-739x1024.jpg\" class=\"attachment-large size-large\" alt=\"\" loading=\"lazy\" srcset=\"https:\/\/saludmentalypsicologia.online\/wp-content\/uploads\/2022\/02\/noah-buscher-8A7fD6Y5VF8-unsplash-739x1024.jpg 739w, https:\/\/saludmentalypsicologia.online\/wp-content\/uploads\/2022\/02\/noah-buscher-8A7fD6Y5VF8-unsplash-217x300.jpg 217w, https:\/\/saludmentalypsicologia.online\/wp-content\/uploads\/2022\/02\/noah-buscher-8A7fD6Y5VF8-unsplash-768x1064.jpg 768w, https:\/\/saludmentalypsicologia.online\/wp-content\/uploads\/2022\/02\/noah-buscher-8A7fD6Y5VF8-unsplash-1108x1536.jpg 1108w, https:\/\/saludmentalypsicologia.online\/wp-content\/uploads\/2022\/02\/noah-buscher-8A7fD6Y5VF8-unsplash-1478x2048.jpg 1478w, https:\/\/saludmentalypsicologia.online\/wp-content\/uploads\/2022\/02\/noah-buscher-8A7fD6Y5VF8-unsplash-scaled.jpg 1847w\" sizes=\"(max-width: 739px) 100vw, 739px\" \/>\t\t\t\t\t\t\t\t\t\t\t\t\t\t\t<\/div>\n\t\t\t\t<\/div>\n\t\t\t\t\t<\/div>\n\t\t<\/div>\n\t\t\t\t\t\t\t<\/div>\n\t\t<\/section>\n\t\t\t\t\t<\/div>\n\t\t<\/div>\n\t\t\t\t\t\t\t<\/div>\n\t\t<\/section>\n\t\t\t\t\t\t<\/div>\n\t\t\t\t\t<\/div>\n\t\t","protected":false},"excerpt":{"rendered":"<p>\u00a0 \u00a0 \u00a0 \u00a0 \u00a0 \u00a0 \u00a0 \u00a0 \u00a0 \u00a0 \u00a0 \u00a0 \u00a0 \u00a0 \u00a0 \u00a0 \u00a0 \u00a0 \u00a0 \u00a0 \u00a0 \u00a0 \u00a0 \u00a0 \u00a0 La Psicolog\u00eda Positiva es el estudio cient\u00edfico del bienestar y el funcionamiento \u00f3ptimo de las personas, es decir el mejor modo de funcionar que una persona pueda alcanzar desarrollando todo &hellip;<\/p>\n<p class=\"read-more\"> <a class=\"\" href=\"https:\/\/saludmentalypsicologia.online\/index.php\/psicologia-positiva\/\"> <span class=\"screen-reader-text\">Psicolog\u00eda Positiva<\/span> Read More &raquo;<\/a><\/p>\n","protected":false},"author":1,"featured_media":0,"parent":0,"menu_order":0,"comment_status":"closed","ping_status":"closed","template":"","meta":{"om_disable_all_campaigns":false,"_monsterinsights_skip_tracking":false,"_monsterinsights_sitenote_active":false,"_monsterinsights_sitenote_note":"","_monsterinsights_sitenote_category":0,"site-sidebar-layout":"no-sidebar","site-content-layout":"page-builder","ast-main-header-display":"","ast-hfb-above-header-display":"","ast-hfb-below-header-display":"","ast-hfb-mobile-header-display":"","site-post-title":"disabled","ast-breadcrumbs-content":"","ast-featured-img":"disabled","footer-sml-layout":"","theme-transparent-header-meta":"","adv-header-id-meta":"","stick-header-meta":"","header-above-stick-meta":"","header-main-stick-meta":"","header-below-stick-meta":""},"_links":{"self":[{"href":"https:\/\/saludmentalypsicologia.online\/index.php\/wp-json\/wp\/v2\/pages\/366"}],"collection":[{"href":"https:\/\/saludmentalypsicologia.online\/index.php\/wp-json\/wp\/v2\/pages"}],"about":[{"href":"https:\/\/saludmentalypsicologia.online\/index.php\/wp-json\/wp\/v2\/types\/page"}],"author":[{"embeddable":true,"href":"https:\/\/saludmentalypsicologia.online\/index.php\/wp-json\/wp\/v2\/users\/1"}],"replies":[{"embeddable":true,"href":"https:\/\/saludmentalypsicologia.online\/index.php\/wp-json\/wp\/v2\/comments?post=366"}],"version-history":[{"count":4,"href":"https:\/\/saludmentalypsicologia.online\/index.php\/wp-json\/wp\/v2\/pages\/366\/revisions"}],"predecessor-version":[{"id":371,"href":"https:\/\/saludmentalypsicologia.online\/index.php\/wp-json\/wp\/v2\/pages\/366\/revisions\/371"}],"wp:attachment":[{"href":"https:\/\/saludmentalypsicologia.online\/index.php\/wp-json\/wp\/v2\/media?parent=366"}],"curies":[{"name":"wp","href":"https:\/\/api.w.org\/{rel}","templated":true}]}}