{"id":218,"date":"2022-02-09T21:24:32","date_gmt":"2022-02-09T21:24:32","guid":{"rendered":"http:\/\/saludmentalypsicologia.online\/?page_id=218"},"modified":"2022-02-11T02:06:45","modified_gmt":"2022-02-11T02:06:45","slug":"servicios","status":"publish","type":"page","link":"https:\/\/saludmentalypsicologia.online\/index.php\/servicios\/","title":{"rendered":"SERVICIOS"},"content":{"rendered":"\t\t<div data-elementor-type=\"wp-page\" data-elementor-id=\"218\" class=\"elementor elementor-218\" data-elementor-settings=\"[]\">\n\t\t\t\t\t\t\t<div class=\"elementor-section-wrap\">\n\t\t\t\t\t\t\t<section class=\"elementor-section elementor-top-section elementor-element elementor-element-46d8329 elementor-section-boxed elementor-section-height-default elementor-section-height-default\" data-id=\"46d8329\" data-element_type=\"section\">\n\t\t\t\t\t\t<div class=\"elementor-container elementor-column-gap-default\">\n\t\t\t\t\t<div class=\"elementor-column elementor-col-100 elementor-top-column elementor-element elementor-element-287f1b3\" data-id=\"287f1b3\" data-element_type=\"column\">\n\t\t\t<div class=\"elementor-widget-wrap elementor-element-populated\">\n\t\t\t\t\t\t\t\t<section class=\"elementor-section elementor-inner-section elementor-element elementor-element-7a35e41 elementor-section-boxed elementor-section-height-default elementor-section-height-default\" data-id=\"7a35e41\" data-element_type=\"section\">\n\t\t\t\t\t\t<div class=\"elementor-container elementor-column-gap-default\">\n\t\t\t\t\t<div class=\"elementor-column elementor-col-50 elementor-inner-column elementor-element elementor-element-435ce09\" data-id=\"435ce09\" data-element_type=\"column\">\n\t\t\t<div class=\"elementor-widget-wrap elementor-element-populated\">\n\t\t\t\t\t\t\t\t<div class=\"elementor-element elementor-element-00827cd elementor-widget elementor-widget-image\" data-id=\"00827cd\" data-element_type=\"widget\" data-widget_type=\"image.default\">\n\t\t\t\t<div class=\"elementor-widget-container\">\n\t\t\t<style>\/*! elementor - v3.5.5 - 03-02-2022 *\/\n.elementor-widget-image{text-align:center}.elementor-widget-image a{display:inline-block}.elementor-widget-image a img[src$=\".svg\"]{width:48px}.elementor-widget-image img{vertical-align:middle;display:inline-block}<\/style>\t\t\t\t\t\t\t\t\t\t\t\t<img width=\"1024\" height=\"683\" src=\"https:\/\/saludmentalypsicologia.online\/wp-content\/uploads\/2022\/02\/helena-lopes-P6bNY1SqTJQ-unsplash-1024x683.jpg\" class=\"attachment-large size-large\" alt=\"\" loading=\"lazy\" srcset=\"https:\/\/saludmentalypsicologia.online\/wp-content\/uploads\/2022\/02\/helena-lopes-P6bNY1SqTJQ-unsplash-1024x683.jpg 1024w, https:\/\/saludmentalypsicologia.online\/wp-content\/uploads\/2022\/02\/helena-lopes-P6bNY1SqTJQ-unsplash-300x200.jpg 300w, https:\/\/saludmentalypsicologia.online\/wp-content\/uploads\/2022\/02\/helena-lopes-P6bNY1SqTJQ-unsplash-768x512.jpg 768w, https:\/\/saludmentalypsicologia.online\/wp-content\/uploads\/2022\/02\/helena-lopes-P6bNY1SqTJQ-unsplash-1536x1024.jpg 1536w, https:\/\/saludmentalypsicologia.online\/wp-content\/uploads\/2022\/02\/helena-lopes-P6bNY1SqTJQ-unsplash-2048x1365.jpg 2048w\" sizes=\"(max-width: 1024px) 100vw, 1024px\" \/>\t\t\t\t\t\t\t\t\t\t\t\t\t\t\t<\/div>\n\t\t\t\t<\/div>\n\t\t\t\t\t<\/div>\n\t\t<\/div>\n\t\t\t\t<div class=\"elementor-column elementor-col-50 elementor-inner-column elementor-element elementor-element-d949f5c\" data-id=\"d949f5c\" data-element_type=\"column\">\n\t\t\t<div class=\"elementor-widget-wrap elementor-element-populated\">\n\t\t\t\t\t\t\t\t<div class=\"elementor-element elementor-element-5505ae4 elementor-widget elementor-widget-image\" data-id=\"5505ae4\" data-element_type=\"widget\" data-widget_type=\"image.default\">\n\t\t\t\t<div class=\"elementor-widget-container\">\n\t\t\t\t\t\t\t\t\t\t\t\t\t\t\t<img width=\"1024\" height=\"683\" src=\"https:\/\/saludmentalypsicologia.online\/wp-content\/uploads\/2022\/02\/brooke-cagle-g1Kr4Ozfoac-unsplash-1024x683.jpg\" class=\"attachment-large size-large\" alt=\"\" loading=\"lazy\" srcset=\"https:\/\/saludmentalypsicologia.online\/wp-content\/uploads\/2022\/02\/brooke-cagle-g1Kr4Ozfoac-unsplash-1024x683.jpg 1024w, https:\/\/saludmentalypsicologia.online\/wp-content\/uploads\/2022\/02\/brooke-cagle-g1Kr4Ozfoac-unsplash-300x200.jpg 300w, https:\/\/saludmentalypsicologia.online\/wp-content\/uploads\/2022\/02\/brooke-cagle-g1Kr4Ozfoac-unsplash-768x512.jpg 768w, https:\/\/saludmentalypsicologia.online\/wp-content\/uploads\/2022\/02\/brooke-cagle-g1Kr4Ozfoac-unsplash-1536x1024.jpg 1536w, https:\/\/saludmentalypsicologia.online\/wp-content\/uploads\/2022\/02\/brooke-cagle-g1Kr4Ozfoac-unsplash-2048x1365.jpg 2048w\" sizes=\"(max-width: 1024px) 100vw, 1024px\" \/>\t\t\t\t\t\t\t\t\t\t\t\t\t\t\t<\/div>\n\t\t\t\t<\/div>\n\t\t\t\t\t<\/div>\n\t\t<\/div>\n\t\t\t\t\t\t\t<\/div>\n\t\t<\/section>\n\t\t\t\t\t<\/div>\n\t\t<\/div>\n\t\t\t\t\t\t\t<\/div>\n\t\t<\/section>\n\t\t\t\t<section class=\"elementor-section elementor-top-section elementor-element elementor-element-018aa91 elementor-section-boxed elementor-section-height-default elementor-section-height-default\" data-id=\"018aa91\" data-element_type=\"section\">\n\t\t\t\t\t\t<div class=\"elementor-container elementor-column-gap-default\">\n\t\t\t\t\t<div class=\"elementor-column elementor-col-100 elementor-top-column elementor-element elementor-element-203e6f0\" data-id=\"203e6f0\" data-element_type=\"column\">\n\t\t\t<div class=\"elementor-widget-wrap elementor-element-populated\">\n\t\t\t\t\t\t\t\t<div class=\"elementor-element elementor-element-82b2ff4 elementor-widget elementor-widget-text-editor\" data-id=\"82b2ff4\" data-element_type=\"widget\" data-widget_type=\"text-editor.default\">\n\t\t\t\t<div class=\"elementor-widget-container\">\n\t\t\t<style>\/*! elementor - v3.5.5 - 03-02-2022 *\/\n.elementor-widget-text-editor.elementor-drop-cap-view-stacked .elementor-drop-cap{background-color:#818a91;color:#fff}.elementor-widget-text-editor.elementor-drop-cap-view-framed .elementor-drop-cap{color:#818a91;border:3px solid;background-color:transparent}.elementor-widget-text-editor:not(.elementor-drop-cap-view-default) .elementor-drop-cap{margin-top:8px}.elementor-widget-text-editor:not(.elementor-drop-cap-view-default) .elementor-drop-cap-letter{width:1em;height:1em}.elementor-widget-text-editor .elementor-drop-cap{float:left;text-align:center;line-height:1;font-size:50px}.elementor-widget-text-editor .elementor-drop-cap-letter{display:inline-block}<\/style>\t\t\t\t<h2>SERVICIOS A EMPRESAS:<\/h2><ol><li>CONSULTOR\u00cdA.<\/li><li>SELECCI\u00d3N DE PERSONAL.<\/li><li>COACHING EMPRESARIAL.<\/li><li>FORMACI\u00d3N.<\/li><\/ol><ul><li>Motivaci\u00f3n y gesti\u00f3n del talento.<\/li><li>Gesti\u00f3n del estr\u00e9s.<\/li><li>Salud Laboral.<\/li><li>Inteligencia emocional.<\/li><li>Gesti\u00f3n del tiempo.<\/li><li><span style=\"font-size: 16px;\">Trabajo en equipo.<\/span><\/li><li><span style=\"font-size: 16px;\">Comunicaci\u00f3n eficaz y gesti\u00f3n del conflicto.<\/span><\/li><li>Liderazgo.<\/li><li>T\u00e9cnicas de desarrollo directivo.<\/li><li>Psicolog\u00eda Positiva aplicada a las Organizaciones.<\/li><li>T\u00e9cnicas de Venta.<\/li><\/ul>\t\t\t\t\t\t<\/div>\n\t\t\t\t<\/div>\n\t\t\t\t\t<\/div>\n\t\t<\/div>\n\t\t\t\t\t\t\t<\/div>\n\t\t<\/section>\n\t\t\t\t\t\t<\/div>\n\t\t\t\t\t<\/div>\n\t\t","protected":false},"excerpt":{"rendered":"<p>SERVICIOS A EMPRESAS: CONSULTOR\u00cdA. SELECCI\u00d3N DE PERSONAL. COACHING EMPRESARIAL. FORMACI\u00d3N. Motivaci\u00f3n y gesti\u00f3n del talento. Gesti\u00f3n del estr\u00e9s. Salud Laboral. Inteligencia emocional. Gesti\u00f3n del tiempo. Trabajo en equipo. Comunicaci\u00f3n eficaz y gesti\u00f3n del conflicto. Liderazgo. T\u00e9cnicas de desarrollo directivo. Psicolog\u00eda Positiva aplicada a las Organizaciones. T\u00e9cnicas de Venta.<\/p>\n","protected":false},"author":1,"featured_media":0,"parent":0,"menu_order":0,"comment_status":"closed","ping_status":"closed","template":"","meta":{"om_disable_all_campaigns":false,"_monsterinsights_skip_tracking":false,"_monsterinsights_sitenote_active":false,"_monsterinsights_sitenote_note":"","_monsterinsights_sitenote_category":0,"site-sidebar-layout":"no-sidebar","site-content-layout":"page-builder","ast-main-header-display":"","ast-hfb-above-header-display":"","ast-hfb-below-header-display":"","ast-hfb-mobile-header-display":"","site-post-title":"disabled","ast-breadcrumbs-content":"","ast-featured-img":"disabled","footer-sml-layout":"","theme-transparent-header-meta":"","adv-header-id-meta":"","stick-header-meta":"","header-above-stick-meta":"","header-main-stick-meta":"","header-below-stick-meta":""},"_links":{"self":[{"href":"https:\/\/saludmentalypsicologia.online\/index.php\/wp-json\/wp\/v2\/pages\/218"}],"collection":[{"href":"https:\/\/saludmentalypsicologia.online\/index.php\/wp-json\/wp\/v2\/pages"}],"about":[{"href":"https:\/\/saludmentalypsicologia.online\/index.php\/wp-json\/wp\/v2\/types\/page"}],"author":[{"embeddable":true,"href":"https:\/\/saludmentalypsicologia.online\/index.php\/wp-json\/wp\/v2\/users\/1"}],"replies":[{"embeddable":true,"href":"https:\/\/saludmentalypsicologia.online\/index.php\/wp-json\/wp\/v2\/comments?post=218"}],"version-history":[{"count":10,"href":"https:\/\/saludmentalypsicologia.online\/index.php\/wp-json\/wp\/v2\/pages\/218\/revisions"}],"predecessor-version":[{"id":401,"href":"https:\/\/saludmentalypsicologia.online\/index.php\/wp-json\/wp\/v2\/pages\/218\/revisions\/401"}],"wp:attachment":[{"href":"https:\/\/saludmentalypsicologia.online\/index.php\/wp-json\/wp\/v2\/media?parent=218"}],"curies":[{"name":"wp","href":"https:\/\/api.w.org\/{rel}","templated":true}]}}